{"id":16976,"date":"2015-03-12T09:54:44","date_gmt":"2015-03-12T08:54:44","guid":{"rendered":"http:\/\/agenziahumana.com\/le-citta\/"},"modified":"2023-03-30T13:21:46","modified_gmt":"2023-03-30T11:21:46","slug":"the-cities","status":"publish","type":"page","link":"https:\/\/agenziahumana.com\/en\/the-cities\/","title":{"rendered":"The cities"},"content":{"rendered":"\t\t<div data-elementor-type=\"wp-page\" data-elementor-id=\"16976\" class=\"elementor elementor-16976 elementor-277\" data-elementor-post-type=\"page\">\n\t\t\t\t<div class=\"elementor-element elementor-element-5993ac3 e-flex e-con-boxed e-con e-parent\" data-id=\"5993ac3\" data-element_type=\"container\" data-e-type=\"container\">\n\t\t\t\t\t<div class=\"e-con-inner\">\n\t\t\t\t<div class=\"elementor-element elementor-element-313558d elementor-widget elementor-widget-heading\" data-id=\"313558d\" data-element_type=\"widget\" data-e-type=\"widget\" data-widget_type=\"heading.default\">\n\t\t\t\t<div class=\"elementor-widget-container\">\n\t\t\t\t\t<h2 class=\"elementor-heading-title elementor-size-default\">The cities<\/h2>\t\t\t\t<\/div>\n\t\t\t\t<\/div>\n\t\t\t\t\t<\/div>\n\t\t\t\t<\/div>\n\t\t\t\t<\/div>\n\t\t","protected":false},"excerpt":{"rendered":"<p>The cities<\/p>\n","protected":false},"author":2,"featured_media":16889,"parent":0,"menu_order":0,"comment_status":"closed","ping_status":"closed","template":"","meta":{"footnotes":""},"class_list":["post-16976","page","type-page","status-publish","has-post-thumbnail","hentry"],"yoast_head":"<!-- This site is optimized with the Yoast SEO plugin v27.3 - https:\/\/yoast.com\/product\/yoast-seo-wordpress\/ -->\n<title>Le citt\u00e0 della Riviera del Conero | Immobiliare Humana<\/title>\n<meta name=\"description\" content=\"Numana, Sirolo, Loreto, Ancona...scopri di pi\u00f9 sulle citt\u00e0 della Riviera del Conero.\" \/>\n<meta name=\"robots\" content=\"index, follow, max-snippet:-1, max-image-preview:large, max-video-preview:-1\" \/>\n<link rel=\"canonical\" href=\"https:\/\/agenziahumana.com\/en\/the-cities\/\" \/>\n<meta property=\"og:locale\" content=\"en_US\" \/>\n<meta property=\"og:type\" content=\"article\" \/>\n<meta property=\"og:title\" content=\"Le citt\u00e0 della Riviera del Conero | Immobiliare Humana\" \/>\n<meta property=\"og:description\" content=\"Numana, Sirolo, Loreto, Ancona...scopri di pi\u00f9 sulle citt\u00e0 della Riviera del Conero.\" \/>\n<meta property=\"og:url\" content=\"https:\/\/agenziahumana.com\/en\/the-cities\/\" \/>\n<meta property=\"og:site_name\" content=\"Agenzia Humana\" \/>\n<meta property=\"article:modified_time\" content=\"2023-03-30T11:21:46+00:00\" \/>\n<meta name=\"twitter:card\" content=\"summary_large_image\" \/>\n<meta name=\"twitter:label1\" content=\"Est. reading time\" \/>\n\t<meta name=\"twitter:data1\" content=\"2 minutes\" \/>\n<script type=\"application\/ld+json\" class=\"yoast-schema-graph\">{\"@context\":\"https:\\\/\\\/schema.org\",\"@graph\":[{\"@type\":\"WebPage\",\"@id\":\"https:\\\/\\\/agenziahumana.com\\\/en\\\/the-cities\\\/\",\"url\":\"https:\\\/\\\/agenziahumana.com\\\/en\\\/the-cities\\\/\",\"name\":\"Le citt\u00e0 della Riviera del Conero | Immobiliare Humana\",\"isPartOf\":{\"@id\":\"https:\\\/\\\/agenziahumana.com\\\/#website\"},\"primaryImageOfPage\":{\"@id\":\"https:\\\/\\\/agenziahumana.com\\\/en\\\/the-cities\\\/#primaryimage\"},\"image\":{\"@id\":\"https:\\\/\\\/agenziahumana.com\\\/en\\\/the-cities\\\/#primaryimage\"},\"thumbnailUrl\":\"https:\\\/\\\/agenziahumana.com\\\/wp-content\\\/uploads\\\/2023\\\/03\\\/agenzia-humana-numana-case-riviera-del-comero-affinno-vendita-immobili-img-page.jpg\",\"datePublished\":\"2015-03-12T08:54:44+00:00\",\"dateModified\":\"2023-03-30T11:21:46+00:00\",\"description\":\"Numana, Sirolo, Loreto, Ancona...scopri di pi\u00f9 sulle citt\u00e0 della Riviera del Conero.\",\"breadcrumb\":{\"@id\":\"https:\\\/\\\/agenziahumana.com\\\/en\\\/the-cities\\\/#breadcrumb\"},\"inLanguage\":\"en-US\",\"potentialAction\":[{\"@type\":\"ReadAction\",\"target\":[\"https:\\\/\\\/agenziahumana.com\\\/en\\\/the-cities\\\/\"]}]},{\"@type\":\"ImageObject\",\"inLanguage\":\"en-US\",\"@id\":\"https:\\\/\\\/agenziahumana.com\\\/en\\\/the-cities\\\/#primaryimage\",\"url\":\"https:\\\/\\\/agenziahumana.com\\\/wp-content\\\/uploads\\\/2023\\\/03\\\/agenzia-humana-numana-case-riviera-del-comero-affinno-vendita-immobili-img-page.jpg\",\"contentUrl\":\"https:\\\/\\\/agenziahumana.com\\\/wp-content\\\/uploads\\\/2023\\\/03\\\/agenzia-humana-numana-case-riviera-del-comero-affinno-vendita-immobili-img-page.jpg\",\"width\":250,\"height\":250},{\"@type\":\"BreadcrumbList\",\"@id\":\"https:\\\/\\\/agenziahumana.com\\\/en\\\/the-cities\\\/#breadcrumb\",\"itemListElement\":[{\"@type\":\"ListItem\",\"position\":1,\"name\":\"Home\",\"item\":\"https:\\\/\\\/agenziahumana.com\\\/\"},{\"@type\":\"ListItem\",\"position\":2,\"name\":\"The cities\"}]},{\"@type\":\"WebSite\",\"@id\":\"https:\\\/\\\/agenziahumana.com\\\/#website\",\"url\":\"https:\\\/\\\/agenziahumana.com\\\/\",\"name\":\"Agenzia Humana\",\"description\":\"Case vacanze ed in vendita nella Riviera del Conero\",\"publisher\":{\"@id\":\"https:\\\/\\\/agenziahumana.com\\\/#organization\"},\"potentialAction\":[{\"@type\":\"SearchAction\",\"target\":{\"@type\":\"EntryPoint\",\"urlTemplate\":\"https:\\\/\\\/agenziahumana.com\\\/?s={search_term_string}\"},\"query-input\":{\"@type\":\"PropertyValueSpecification\",\"valueRequired\":true,\"valueName\":\"search_term_string\"}}],\"inLanguage\":\"en-US\"},{\"@type\":\"Organization\",\"@id\":\"https:\\\/\\\/agenziahumana.com\\\/#organization\",\"name\":\"Agenzia Humana\",\"url\":\"https:\\\/\\\/agenziahumana.com\\\/\",\"logo\":{\"@type\":\"ImageObject\",\"inLanguage\":\"en-US\",\"@id\":\"https:\\\/\\\/agenziahumana.com\\\/#\\\/schema\\\/logo\\\/image\\\/\",\"url\":\"https:\\\/\\\/agenziahumana.com\\\/wp-content\\\/uploads\\\/2023\\\/03\\\/agenzia-immobiliare-humana-numana-logo.png\",\"contentUrl\":\"https:\\\/\\\/agenziahumana.com\\\/wp-content\\\/uploads\\\/2023\\\/03\\\/agenzia-immobiliare-humana-numana-logo.png\",\"width\":233,\"height\":77,\"caption\":\"Agenzia Humana\"},\"image\":{\"@id\":\"https:\\\/\\\/agenziahumana.com\\\/#\\\/schema\\\/logo\\\/image\\\/\"}}]}<\/script>\n<!-- \/ Yoast SEO plugin. -->","yoast_head_json":{"title":"Le citt\u00e0 della Riviera del Conero | Immobiliare Humana","description":"Numana, Sirolo, Loreto, Ancona...scopri di pi\u00f9 sulle citt\u00e0 della Riviera del Conero.","robots":{"index":"index","follow":"follow","max-snippet":"max-snippet:-1","max-image-preview":"max-image-preview:large","max-video-preview":"max-video-preview:-1"},"canonical":"https:\/\/agenziahumana.com\/en\/the-cities\/","og_locale":"en_US","og_type":"article","og_title":"Le citt\u00e0 della Riviera del Conero | Immobiliare Humana","og_description":"Numana, Sirolo, Loreto, Ancona...scopri di pi\u00f9 sulle citt\u00e0 della Riviera del Conero.","og_url":"https:\/\/agenziahumana.com\/en\/the-cities\/","og_site_name":"Agenzia Humana","article_modified_time":"2023-03-30T11:21:46+00:00","twitter_card":"summary_large_image","twitter_misc":{"Est. reading time":"2 minutes"},"schema":{"@context":"https:\/\/schema.org","@graph":[{"@type":"WebPage","@id":"https:\/\/agenziahumana.com\/en\/the-cities\/","url":"https:\/\/agenziahumana.com\/en\/the-cities\/","name":"Le citt\u00e0 della Riviera del Conero | Immobiliare Humana","isPartOf":{"@id":"https:\/\/agenziahumana.com\/#website"},"primaryImageOfPage":{"@id":"https:\/\/agenziahumana.com\/en\/the-cities\/#primaryimage"},"image":{"@id":"https:\/\/agenziahumana.com\/en\/the-cities\/#primaryimage"},"thumbnailUrl":"https:\/\/agenziahumana.com\/wp-content\/uploads\/2023\/03\/agenzia-humana-numana-case-riviera-del-comero-affinno-vendita-immobili-img-page.jpg","datePublished":"2015-03-12T08:54:44+00:00","dateModified":"2023-03-30T11:21:46+00:00","description":"Numana, Sirolo, Loreto, Ancona...scopri di pi\u00f9 sulle citt\u00e0 della Riviera del Conero.","breadcrumb":{"@id":"https:\/\/agenziahumana.com\/en\/the-cities\/#breadcrumb"},"inLanguage":"en-US","potentialAction":[{"@type":"ReadAction","target":["https:\/\/agenziahumana.com\/en\/the-cities\/"]}]},{"@type":"ImageObject","inLanguage":"en-US","@id":"https:\/\/agenziahumana.com\/en\/the-cities\/#primaryimage","url":"https:\/\/agenziahumana.com\/wp-content\/uploads\/2023\/03\/agenzia-humana-numana-case-riviera-del-comero-affinno-vendita-immobili-img-page.jpg","contentUrl":"https:\/\/agenziahumana.com\/wp-content\/uploads\/2023\/03\/agenzia-humana-numana-case-riviera-del-comero-affinno-vendita-immobili-img-page.jpg","width":250,"height":250},{"@type":"BreadcrumbList","@id":"https:\/\/agenziahumana.com\/en\/the-cities\/#breadcrumb","itemListElement":[{"@type":"ListItem","position":1,"name":"Home","item":"https:\/\/agenziahumana.com\/"},{"@type":"ListItem","position":2,"name":"The cities"}]},{"@type":"WebSite","@id":"https:\/\/agenziahumana.com\/#website","url":"https:\/\/agenziahumana.com\/","name":"Agenzia Humana","description":"Case vacanze ed in vendita nella Riviera del Conero","publisher":{"@id":"https:\/\/agenziahumana.com\/#organization"},"potentialAction":[{"@type":"SearchAction","target":{"@type":"EntryPoint","urlTemplate":"https:\/\/agenziahumana.com\/?s={search_term_string}"},"query-input":{"@type":"PropertyValueSpecification","valueRequired":true,"valueName":"search_term_string"}}],"inLanguage":"en-US"},{"@type":"Organization","@id":"https:\/\/agenziahumana.com\/#organization","name":"Agenzia Humana","url":"https:\/\/agenziahumana.com\/","logo":{"@type":"ImageObject","inLanguage":"en-US","@id":"https:\/\/agenziahumana.com\/#\/schema\/logo\/image\/","url":"https:\/\/agenziahumana.com\/wp-content\/uploads\/2023\/03\/agenzia-immobiliare-humana-numana-logo.png","contentUrl":"https:\/\/agenziahumana.com\/wp-content\/uploads\/2023\/03\/agenzia-immobiliare-humana-numana-logo.png","width":233,"height":77,"caption":"Agenzia Humana"},"image":{"@id":"https:\/\/agenziahumana.com\/#\/schema\/logo\/image\/"}}]}},"_links":{"self":[{"href":"https:\/\/agenziahumana.com\/en\/wp-json\/wp\/v2\/pages\/16976","targetHints":{"allow":["GET"]}}],"collection":[{"href":"https:\/\/agenziahumana.com\/en\/wp-json\/wp\/v2\/pages"}],"about":[{"href":"https:\/\/agenziahumana.com\/en\/wp-json\/wp\/v2\/types\/page"}],"author":[{"embeddable":true,"href":"https:\/\/agenziahumana.com\/en\/wp-json\/wp\/v2\/users\/2"}],"replies":[{"embeddable":true,"href":"https:\/\/agenziahumana.com\/en\/wp-json\/wp\/v2\/comments?post=16976"}],"version-history":[{"count":0,"href":"https:\/\/agenziahumana.com\/en\/wp-json\/wp\/v2\/pages\/16976\/revisions"}],"wp:featuredmedia":[{"embeddable":true,"href":"https:\/\/agenziahumana.com\/en\/wp-json\/wp\/v2\/media\/16889"}],"wp:attachment":[{"href":"https:\/\/agenziahumana.com\/en\/wp-json\/wp\/v2\/media?parent=16976"}],"curies":[{"name":"wp","href":"https:\/\/api.w.org\/{rel}","templated":true}]}}